{"id":442,"date":"2021-08-23T19:16:42","date_gmt":"2021-08-23T22:16:42","guid":{"rendered":"https:\/\/inchurch.com.br\/brain\/?page_id=442"},"modified":"2021-11-17T11:45:44","modified_gmt":"2021-11-17T14:45:44","slug":"home","status":"publish","type":"page","link":"https:\/\/inchurch.com.br\/brain\/","title":{"rendered":"Home"},"content":{"rendered":"<div class=\"rsc_message\"><span style=\"vertical-align: inherit;\">Voc\u00ea n\u00e3o tem as permiss\u00f5es necess\u00e1rias para visualizar este conte\u00fado.<\/span><\/div>","protected":false},"excerpt":{"rendered":"<p>Voc\u00ea n\u00e3o tem as permiss\u00f5es necess\u00e1rias para visualizar este conte\u00fado.<\/p>\n","protected":false},"author":14,"featured_media":0,"parent":0,"menu_order":0,"comment_status":"closed","ping_status":"closed","template":"elementor_header_footer","meta":[],"yoast_head":"<!-- This site is optimized with the Yoast SEO plugin v15.4 - https:\/\/yoast.com\/wordpress\/plugins\/seo\/ -->\n<title>Home - BrainChurch<\/title>\n<meta name=\"robots\" content=\"index, follow, max-snippet:-1, max-image-preview:large, max-video-preview:-1\" \/>\n<link rel=\"canonical\" href=\"https:\/\/inchurch.com.br\/brain\/\" \/>\n<meta property=\"og:locale\" content=\"pt_BR\" \/>\n<meta property=\"og:type\" content=\"article\" \/>\n<meta property=\"og:title\" content=\"Home - BrainChurch\" \/>\n<meta property=\"og:description\" content=\"Voc\u00ea n\u00e3o tem as permiss\u00f5es necess\u00e1rias para visualizar este conte\u00fado.\" \/>\n<meta property=\"og:url\" content=\"https:\/\/inchurch.com.br\/brain\/\" \/>\n<meta property=\"og:site_name\" content=\"BrainChurch\" \/>\n<meta property=\"article:modified_time\" content=\"2021-11-17T14:45:44+00:00\" \/>\n<meta name=\"twitter:card\" content=\"summary_large_image\" \/>\n<meta name=\"twitter:label1\" content=\"Written by\">\n\t<meta name=\"twitter:data1\" content=\"Michael Caceres\">\n\t<meta name=\"twitter:label2\" content=\"Est. reading time\">\n\t<meta name=\"twitter:data2\" content=\"1 minuto\">\n<script type=\"application\/ld+json\" class=\"yoast-schema-graph\">{\"@context\":\"https:\/\/schema.org\",\"@graph\":[{\"@type\":\"WebSite\",\"@id\":\"https:\/\/inchurch.com.br\/brain\/#website\",\"url\":\"https:\/\/inchurch.com.br\/brain\/\",\"name\":\"BrainChurch\",\"description\":\"Centro de Pesquisa e Inova\\u00e7\\u00e3o inChurch\",\"potentialAction\":[{\"@type\":\"SearchAction\",\"target\":\"https:\/\/inchurch.com.br\/brain\/?s={search_term_string}\",\"query-input\":\"required name=search_term_string\"}],\"inLanguage\":\"pt-BR\"},{\"@type\":\"WebPage\",\"@id\":\"https:\/\/inchurch.com.br\/brain\/#webpage\",\"url\":\"https:\/\/inchurch.com.br\/brain\/\",\"name\":\"Home - BrainChurch\",\"isPartOf\":{\"@id\":\"https:\/\/inchurch.com.br\/brain\/#website\"},\"datePublished\":\"2021-08-23T22:16:42+00:00\",\"dateModified\":\"2021-11-17T14:45:44+00:00\",\"inLanguage\":\"pt-BR\",\"potentialAction\":[{\"@type\":\"ReadAction\",\"target\":[\"https:\/\/inchurch.com.br\/brain\/\"]}]}]}<\/script>\n<!-- \/ Yoast SEO plugin. -->","_links":{"self":[{"href":"https:\/\/inchurch.com.br\/brain\/wp-json\/wp\/v2\/pages\/442"}],"collection":[{"href":"https:\/\/inchurch.com.br\/brain\/wp-json\/wp\/v2\/pages"}],"about":[{"href":"https:\/\/inchurch.com.br\/brain\/wp-json\/wp\/v2\/types\/page"}],"author":[{"embeddable":true,"href":"https:\/\/inchurch.com.br\/brain\/wp-json\/wp\/v2\/users\/14"}],"replies":[{"embeddable":true,"href":"https:\/\/inchurch.com.br\/brain\/wp-json\/wp\/v2\/comments?post=442"}],"version-history":[{"count":214,"href":"https:\/\/inchurch.com.br\/brain\/wp-json\/wp\/v2\/pages\/442\/revisions"}],"predecessor-version":[{"id":1251,"href":"https:\/\/inchurch.com.br\/brain\/wp-json\/wp\/v2\/pages\/442\/revisions\/1251"}],"wp:attachment":[{"href":"https:\/\/inchurch.com.br\/brain\/wp-json\/wp\/v2\/media?parent=442"}],"curies":[{"name":"wp","href":"https:\/\/api.w.org\/{rel}","templated":true}]}}