{"id":317,"date":"2020-12-10T12:38:12","date_gmt":"2020-12-10T15:38:12","guid":{"rendered":"https:\/\/inchurch.com.br\/brain\/?page_id=317"},"modified":"2021-10-12T21:05:56","modified_gmt":"2021-10-13T00:05:56","slug":"sobre-nos","status":"publish","type":"page","link":"https:\/\/inchurch.com.br\/brain\/sobre-nos\/","title":{"rendered":"Sobre N\u00f3s"},"content":{"rendered":"\t\t<div data-elementor-type=\"wp-page\" data-elementor-id=\"317\" class=\"elementor elementor-317\" data-elementor-settings=\"[]\">\n\t\t\t\t\t\t<div class=\"elementor-inner\">\n\t\t\t\t\t\t\t<div class=\"elementor-section-wrap\">\n\t\t\t\t\t\t\t<section class=\"elementor-section elementor-top-section elementor-element elementor-element-c6c79d5 elementor-section-full_width elementor-section-height-default elementor-section-height-default\" data-id=\"c6c79d5\" data-element_type=\"section\" data-settings=\"{&quot;background_background&quot;:&quot;classic&quot;,&quot;background_motion_fx_motion_fx_scrolling&quot;:&quot;yes&quot;,&quot;background_motion_fx_devices&quot;:[&quot;desktop&quot;,&quot;tablet&quot;,&quot;mobile&quot;]}\">\n\t\t\t\t\t\t<div class=\"elementor-container elementor-column-gap-default\">\n\t\t\t\t\t\t\t<div class=\"elementor-row\">\n\t\t\t\t\t<div class=\"elementor-column elementor-col-100 elementor-top-column elementor-element elementor-element-d23e041\" data-id=\"d23e041\" data-element_type=\"column\" data-settings=\"{&quot;background_background&quot;:&quot;classic&quot;,&quot;background_motion_fx_motion_fx_scrolling&quot;:&quot;yes&quot;,&quot;background_motion_fx_translateY_effect&quot;:&quot;yes&quot;,&quot;background_motion_fx_translateY_direction&quot;:&quot;negative&quot;,&quot;background_motion_fx_translateY_speed&quot;:{&quot;unit&quot;:&quot;px&quot;,&quot;size&quot;:5.3,&quot;sizes&quot;:[]},&quot;background_motion_fx_translateY_affectedRange&quot;:{&quot;unit&quot;:&quot;%&quot;,&quot;size&quot;:&quot;&quot;,&quot;sizes&quot;:{&quot;start&quot;:0,&quot;end&quot;:100}},&quot;background_motion_fx_devices&quot;:[&quot;desktop&quot;,&quot;tablet&quot;,&quot;mobile&quot;]}\">\n\t\t\t<div class=\"elementor-column-wrap elementor-element-populated\">\n\t\t\t\t\t\t\t<div class=\"elementor-widget-wrap\">\n\t\t\t\t\t\t<div class=\"elementor-element elementor-element-3739fa95 elementor-widget elementor-widget-heading\" data-id=\"3739fa95\" data-element_type=\"widget\" data-widget_type=\"heading.default\">\n\t\t\t\t<div class=\"elementor-widget-container\">\n\t\t\t<h3 class=\"elementor-heading-title elementor-size-default\">Sobre a BrainChurch<\/h3>\t\t<\/div>\n\t\t\t\t<\/div>\n\t\t\t\t\t\t<\/div>\n\t\t\t\t\t<\/div>\n\t\t<\/div>\n\t\t\t\t\t\t\t\t<\/div>\n\t\t\t\t\t<\/div>\n\t\t<\/section>\n\t\t\t\t<section class=\"elementor-section elementor-top-section elementor-element elementor-element-912e83d elementor-section-boxed elementor-section-height-default elementor-section-height-default\" data-id=\"912e83d\" data-element_type=\"section\">\n\t\t\t\t\t\t<div class=\"elementor-container elementor-column-gap-default\">\n\t\t\t\t\t\t\t<div class=\"elementor-row\">\n\t\t\t\t\t<div class=\"elementor-column elementor-col-100 elementor-top-column elementor-element elementor-element-bd1e689\" data-id=\"bd1e689\" data-element_type=\"column\">\n\t\t\t<div class=\"elementor-column-wrap elementor-element-populated\">\n\t\t\t\t\t\t\t<div class=\"elementor-widget-wrap\">\n\t\t\t\t\t\t<div class=\"elementor-element elementor-element-7bd6769 elementor-widget elementor-widget-text-editor\" data-id=\"7bd6769\" data-element_type=\"widget\" data-widget_type=\"text-editor.default\">\n\t\t\t\t<div class=\"elementor-widget-container\">\n\t\t\t\t\t\t\t\t<div class=\"elementor-text-editor elementor-clearfix\">\n\t\t\t\t<p>BrainChurch \u00e9 um <strong>Centro de Pesquisa &amp; Inova\u00e7\u00e3o da InChurch<\/strong>, que re\u00fane em um s\u00f3 lugar os maiores insights do futuro sobre igreja crist\u00e3 e influ\u00eancia no mundo, visando o uso da tecnologia para a edifica\u00e7\u00e3o do Reino de Deus.<\/p>\t\t\t\t\t<\/div>\n\t\t\t\t\t\t<\/div>\n\t\t\t\t<\/div>\n\t\t\t\t<section class=\"elementor-section elementor-inner-section elementor-element elementor-element-58928dd2 elementor-section-boxed elementor-section-height-default elementor-section-height-default\" data-id=\"58928dd2\" data-element_type=\"section\">\n\t\t\t\t\t\t<div class=\"elementor-container elementor-column-gap-default\">\n\t\t\t\t\t\t\t<div class=\"elementor-row\">\n\t\t\t\t\t<div class=\"elementor-column elementor-col-50 elementor-inner-column elementor-element elementor-element-114b27f7\" data-id=\"114b27f7\" data-element_type=\"column\">\n\t\t\t<div class=\"elementor-column-wrap elementor-element-populated\">\n\t\t\t\t\t\t\t<div class=\"elementor-widget-wrap\">\n\t\t\t\t\t\t<div class=\"elementor-element elementor-element-259e2a5 elementor-widget elementor-widget-text-editor\" data-id=\"259e2a5\" data-element_type=\"widget\" data-widget_type=\"text-editor.default\">\n\t\t\t\t<div class=\"elementor-widget-container\">\n\t\t\t\t\t\t\t\t<div class=\"elementor-text-editor elementor-clearfix\">\n\t\t\t\t<p>A Brain Church nasceu com o objetivo de ajudar os l\u00edderes das igrejas a entenderem o avan\u00e7o tecnol\u00f3gico como ben\u00e9fico para a edifica\u00e7\u00e3o do Reino de Deus, al\u00e9m de promover estudos e pesquisas relevantes para estrat\u00e9gias de lideran\u00e7a, ao mesmo tempo em que leva o Evangelho para mais pessoas.<\/p><p>Como empresa que cumpre o prop\u00f3sito de colaborar para o benef\u00edcio do Reino, n\u00f3s vislumbramos o cen\u00e1rio para a forma\u00e7\u00e3o da igreja do futuro, contando com diversos dados para an\u00e1lise e especialistas em \u00e1reas estrat\u00e9gicas.<\/p><p>Nosso objetivo \u00e9 desenvolver a\u00e7\u00f5es que possam colaborar com os l\u00edderes, al\u00e9m de solu\u00e7\u00f5es ministeriais em todas as \u00e1reas da igreja visando o crescimento e a maturidade dos crist\u00e3os evang\u00e9licos.<\/p>\t\t\t\t\t<\/div>\n\t\t\t\t\t\t<\/div>\n\t\t\t\t<\/div>\n\t\t\t\t\t\t<\/div>\n\t\t\t\t\t<\/div>\n\t\t<\/div>\n\t\t\t\t<div class=\"elementor-column elementor-col-50 elementor-inner-column elementor-element elementor-element-46e526bc\" data-id=\"46e526bc\" data-element_type=\"column\">\n\t\t\t<div class=\"elementor-column-wrap elementor-element-populated\">\n\t\t\t\t\t\t\t<div class=\"elementor-widget-wrap\">\n\t\t\t\t\t\t<div class=\"elementor-element elementor-element-8869290 elementor-widget elementor-widget-text-editor\" data-id=\"8869290\" data-element_type=\"widget\" data-widget_type=\"text-editor.default\">\n\t\t\t\t<div class=\"elementor-widget-container\">\n\t\t\t\t\t\t\t\t<div class=\"elementor-text-editor elementor-clearfix\">\n\t\t\t\t<p>N\u00f3s entendemos que a tecnologia est\u00e1 transformando a maneira como o Evangelho avan\u00e7a. Por isso, estamos prontos para acompanhar essa evolu\u00e7\u00e3o e ajudar os l\u00edderes.<\/p>\n<p>Tirar proveito desta evolu\u00e7\u00e3o tecnol\u00f3gica de forma estrat\u00e9gica \u00e9 o nosso objetivo.<\/p>\t\t\t\t\t<\/div>\n\t\t\t\t\t\t<\/div>\n\t\t\t\t<\/div>\n\t\t\t\t\t\t<\/div>\n\t\t\t\t\t<\/div>\n\t\t<\/div>\n\t\t\t\t\t\t\t\t<\/div>\n\t\t\t\t\t<\/div>\n\t\t<\/section>\n\t\t\t\t\t\t<\/div>\n\t\t\t\t\t<\/div>\n\t\t<\/div>\n\t\t\t\t\t\t\t\t<\/div>\n\t\t\t\t\t<\/div>\n\t\t<\/section>\n\t\t\t\t\t\t<\/div>\n\t\t\t\t\t\t<\/div>\n\t\t\t\t\t<\/div>\n\t\t","protected":false},"excerpt":{"rendered":"<p>Sobre a BrainChurch BrainChurch \u00e9 um Centro de Pesquisa &amp; Inova\u00e7\u00e3o da InChurch, que re\u00fane em um s\u00f3 lugar os maiores insights do futuro sobre igreja crist\u00e3 e influ\u00eancia no mundo, visando o uso da tecnologia para a edifica\u00e7\u00e3o do Reino de Deus. A Brain Church nasceu com o objetivo de ajudar os l\u00edderes das [&hellip;]<\/p>\n","protected":false},"author":2,"featured_media":0,"parent":0,"menu_order":0,"comment_status":"closed","ping_status":"closed","template":"elementor_header_footer","meta":[],"yoast_head":"<!-- This site is optimized with the Yoast SEO plugin v15.4 - https:\/\/yoast.com\/wordpress\/plugins\/seo\/ -->\n<title>Sobre N\u00f3s - BrainChurch<\/title>\n<meta name=\"robots\" content=\"index, follow, max-snippet:-1, max-image-preview:large, max-video-preview:-1\" \/>\n<link rel=\"canonical\" href=\"https:\/\/inchurch.com.br\/brain\/sobre-nos\/\" \/>\n<meta property=\"og:locale\" content=\"pt_BR\" \/>\n<meta property=\"og:type\" content=\"article\" \/>\n<meta property=\"og:title\" content=\"Sobre N\u00f3s - BrainChurch\" \/>\n<meta property=\"og:description\" content=\"Sobre a BrainChurch BrainChurch \u00e9 um Centro de Pesquisa &amp; Inova\u00e7\u00e3o da InChurch, que re\u00fane em um s\u00f3 lugar os maiores insights do futuro sobre igreja crist\u00e3 e influ\u00eancia no mundo, visando o uso da tecnologia para a edifica\u00e7\u00e3o do Reino de Deus. A Brain Church nasceu com o objetivo de ajudar os l\u00edderes das [&hellip;]\" \/>\n<meta property=\"og:url\" content=\"https:\/\/inchurch.com.br\/brain\/sobre-nos\/\" \/>\n<meta property=\"og:site_name\" content=\"BrainChurch\" \/>\n<meta property=\"article:modified_time\" content=\"2021-10-13T00:05:56+00:00\" \/>\n<meta name=\"twitter:card\" content=\"summary_large_image\" \/>\n<meta name=\"twitter:label1\" content=\"Written by\">\n\t<meta name=\"twitter:data1\" content=\"Lucas Bezalel\">\n\t<meta name=\"twitter:label2\" content=\"Est. reading time\">\n\t<meta name=\"twitter:data2\" content=\"1 minuto\">\n<script type=\"application\/ld+json\" class=\"yoast-schema-graph\">{\"@context\":\"https:\/\/schema.org\",\"@graph\":[{\"@type\":\"WebSite\",\"@id\":\"https:\/\/inchurch.com.br\/brain\/#website\",\"url\":\"https:\/\/inchurch.com.br\/brain\/\",\"name\":\"BrainChurch\",\"description\":\"Centro de Pesquisa e Inova\\u00e7\\u00e3o inChurch\",\"potentialAction\":[{\"@type\":\"SearchAction\",\"target\":\"https:\/\/inchurch.com.br\/brain\/?s={search_term_string}\",\"query-input\":\"required name=search_term_string\"}],\"inLanguage\":\"pt-BR\"},{\"@type\":\"WebPage\",\"@id\":\"https:\/\/inchurch.com.br\/brain\/sobre-nos\/#webpage\",\"url\":\"https:\/\/inchurch.com.br\/brain\/sobre-nos\/\",\"name\":\"Sobre N\\u00f3s - BrainChurch\",\"isPartOf\":{\"@id\":\"https:\/\/inchurch.com.br\/brain\/#website\"},\"datePublished\":\"2020-12-10T15:38:12+00:00\",\"dateModified\":\"2021-10-13T00:05:56+00:00\",\"inLanguage\":\"pt-BR\",\"potentialAction\":[{\"@type\":\"ReadAction\",\"target\":[\"https:\/\/inchurch.com.br\/brain\/sobre-nos\/\"]}]}]}<\/script>\n<!-- \/ Yoast SEO plugin. -->","_links":{"self":[{"href":"https:\/\/inchurch.com.br\/brain\/wp-json\/wp\/v2\/pages\/317"}],"collection":[{"href":"https:\/\/inchurch.com.br\/brain\/wp-json\/wp\/v2\/pages"}],"about":[{"href":"https:\/\/inchurch.com.br\/brain\/wp-json\/wp\/v2\/types\/page"}],"author":[{"embeddable":true,"href":"https:\/\/inchurch.com.br\/brain\/wp-json\/wp\/v2\/users\/2"}],"replies":[{"embeddable":true,"href":"https:\/\/inchurch.com.br\/brain\/wp-json\/wp\/v2\/comments?post=317"}],"version-history":[{"count":44,"href":"https:\/\/inchurch.com.br\/brain\/wp-json\/wp\/v2\/pages\/317\/revisions"}],"predecessor-version":[{"id":1223,"href":"https:\/\/inchurch.com.br\/brain\/wp-json\/wp\/v2\/pages\/317\/revisions\/1223"}],"wp:attachment":[{"href":"https:\/\/inchurch.com.br\/brain\/wp-json\/wp\/v2\/media?parent=317"}],"curies":[{"name":"wp","href":"https:\/\/api.w.org\/{rel}","templated":true}]}}